{"id":418,"date":"2024-10-26T19:41:20","date_gmt":"2024-10-26T17:41:20","guid":{"rendered":"https:\/\/coachforexceptionalyou.fr\/?page_id=418"},"modified":"2025-01-17T22:19:03","modified_gmt":"2025-01-17T21:19:03","slug":"politique-de-confidentialite","status":"publish","type":"page","link":"https:\/\/coachforexceptionalyou.fr\/index.php\/politique-de-confidentialite\/","title":{"rendered":"Politique de confidentialit\u00e9"},"content":{"rendered":"\n<h2 class=\"wp-block-heading\">Qui je suis<\/h2>\n\n\n\n<p><strong class=\"privacy-policy-tutorial\"> <\/strong>L\u2019adresse de mon site est&nbsp;: https:\/\/coachforexceptionalyou.fr.<br>Je suis Olga Pakhomova, coach professionnelle, auteur du projet Professional me for exceptional you.<br><em>Professional me for exceptional you <\/em>est une marque enregistr\u00e9e en France, gage de la qualit\u00e9 de mon accompagnement.<br>Vous pouvez me joindre \u00e0 l&#8217;adresse mail suivante: olga@coachforexceptionalyou.fr.<br><\/p>\n\n\n\n<h2 class=\"wp-block-heading\">Commentaires<\/h2>\n\n\n\n<p>Quand vous laissez un commentaire sur ce site, les donn\u00e9es inscrites dans le formulaire de commentaire, ainsi que votre adresse IP et l\u2019agent utilisateur de votre navigateur sont collect\u00e9s pour nous aider \u00e0 la d\u00e9tection des commentaires ind\u00e9sirables.<\/p>\n\n\n\n<h2 class=\"wp-block-heading\">M\u00e9dias<\/h2>\n\n\n\n<p>Si vous t\u00e9l\u00e9chargez des images sur le site, je vous conseille d\u2019\u00e9viter de t\u00e9l\u00e9charger des images contenant des donn\u00e9es EXIF de coordonn\u00e9es GPS. Les personnes visitant votre site peuvent t\u00e9l\u00e9charger et extraire des donn\u00e9es de localisation depuis ces images.<\/p>\n\n\n\n<h2 class=\"wp-block-heading\">Cookies<\/h2>\n\n\n\n<p>Lorsque vous laissez un commentaire sur ce site, un cookie peut \u00eatre enregistr\u00e9 pour m\u00e9moriser votre nom, votre adresse e-mail et votre site Web. Ces cookies sont uniquement l\u00e0 pour votre confort afin que vous n&#8217;ayez pas \u00e0 saisir ces informations \u00e0 nouveau lors de vos prochains commentaires. Ils expirent g\u00e9n\u00e9ralement au bout d\u2019un an.<\/p>\n\n\n\n<h2 class=\"wp-block-heading\">Contenu embarqu\u00e9 depuis d\u2019autres sites<\/h2>\n\n\n\n<p>Les articles de ce site peuvent inclure des contenus int\u00e9gr\u00e9s (par exemple des vid\u00e9os, images, articles\u2026). Le contenu int\u00e9gr\u00e9 depuis d\u2019autres sites se comporte de la m\u00eame mani\u00e8re que si le visiteur se rendait sur cet autre site.<\/p>\n\n\n\n<p>Ces sites web pourraient collecter des donn\u00e9es sur vous, utiliser des cookies, embarquer des outils de suivis tiers, suivre vos interactions avec ces contenus embarqu\u00e9s si vous disposez d\u2019un compte connect\u00e9 sur leur site web.<\/p>\n\n\n\n<h2 class=\"wp-block-heading\">Dur\u00e9es de stockage de vos donn\u00e9es<\/h2>\n\n\n\n<p>Si vous laissez un commentaire, le commentaire et ses m\u00e9tadonn\u00e9es sont conserv\u00e9s ind\u00e9finiment. Cela permet de reconna\u00eetre et approuver automatiquement les commentaires suivants au lieu de les laisser dans la file de mod\u00e9ration.<\/p>\n\n\n\n<h2 class=\"wp-block-heading\">Les droits que vous avez sur vos donn\u00e9es<\/h2>\n\n\n\n<p>Si vous avez laiss\u00e9 des commentaires sur le site, vous pouvez demander \u00e0 recevoir un fichier contenant toutes les donn\u00e9es personnelles que nous poss\u00e9dons \u00e0 votre sujet, incluant celles que vous nous avez fournies. Vous pouvez \u00e9galement demander la suppression des donn\u00e9es personnelles vous concernant. Cela ne prend pas en compte les donn\u00e9es stock\u00e9es \u00e0 des fins administratives, l\u00e9gales ou pour des raisons de s\u00e9curit\u00e9.<\/p>\n\n\n\n<h2 class=\"wp-block-heading\">O\u00f9 vos donn\u00e9es sont envoy\u00e9es<\/h2>\n\n\n\n<p>Les commentaires des visiteurs peuvent \u00eatre v\u00e9rifi\u00e9s \u00e0 l\u2019aide d\u2019un service automatis\u00e9 de d\u00e9tection des commentaires ind\u00e9sirables.<\/p>\n","protected":false},"excerpt":{"rendered":"<p>Qui je suis L\u2019adresse de mon site est&nbsp;: https:\/\/coachforexceptionalyou.fr.Je suis Olga Pakhomova, coach professionnelle, auteur du projet Professional me for &hellip; <\/p>\n","protected":false},"author":1,"featured_media":0,"parent":0,"menu_order":0,"comment_status":"closed","ping_status":"closed","template":"","meta":{"saved_in_kubio":true,"_coachify_sidebar_layout":"","footnotes":""},"class_list":["post-418","page","type-page","status-publish","hentry","image-hover-transition-effect"],"yoast_head":"<!-- This site is optimized with the Yoast SEO plugin v27.3 - https:\/\/yoast.com\/product\/yoast-seo-wordpress\/ -->\n<title>Politique de confidentialit\u00e9 - Professional me for exceptional you<\/title>\n<meta name=\"robots\" content=\"index, follow, max-snippet:-1, max-image-preview:large, max-video-preview:-1\" \/>\n<link rel=\"canonical\" href=\"https:\/\/coachforexceptionalyou.fr\/index.php\/politique-de-confidentialite\/\" \/>\n<meta property=\"og:locale\" content=\"en_US\" \/>\n<meta property=\"og:type\" content=\"article\" \/>\n<meta property=\"og:title\" content=\"Politique de confidentialit\u00e9 - Professional me for exceptional you\" \/>\n<meta property=\"og:description\" content=\"Qui je suis L\u2019adresse de mon site est&nbsp;: https:\/\/coachforexceptionalyou.fr.Je suis Olga Pakhomova, coach professionnelle, auteur du projet Professional me for &hellip;\" \/>\n<meta property=\"og:url\" content=\"https:\/\/coachforexceptionalyou.fr\/index.php\/politique-de-confidentialite\/\" \/>\n<meta property=\"og:site_name\" content=\"Professional me for exceptional you\" \/>\n<meta property=\"article:modified_time\" content=\"2025-01-17T21:19:03+00:00\" \/>\n<meta name=\"twitter:card\" content=\"summary_large_image\" \/>\n<meta name=\"twitter:label1\" content=\"Est. reading time\" \/>\n\t<meta name=\"twitter:data1\" content=\"4 minutes\" \/>\n<script type=\"application\/ld+json\" class=\"yoast-schema-graph\">{\"@context\":\"https:\\\/\\\/schema.org\",\"@graph\":[{\"@type\":\"WebPage\",\"@id\":\"https:\\\/\\\/coachforexceptionalyou.fr\\\/index.php\\\/politique-de-confidentialite\\\/\",\"url\":\"https:\\\/\\\/coachforexceptionalyou.fr\\\/index.php\\\/politique-de-confidentialite\\\/\",\"name\":\"Politique de confidentialit\u00e9 - Professional me for exceptional you\",\"isPartOf\":{\"@id\":\"https:\\\/\\\/coachforexceptionalyou.fr\\\/#website\"},\"datePublished\":\"2024-10-26T17:41:20+00:00\",\"dateModified\":\"2025-01-17T21:19:03+00:00\",\"breadcrumb\":{\"@id\":\"https:\\\/\\\/coachforexceptionalyou.fr\\\/index.php\\\/politique-de-confidentialite\\\/#breadcrumb\"},\"inLanguage\":\"en-US\",\"potentialAction\":[{\"@type\":\"ReadAction\",\"target\":[\"https:\\\/\\\/coachforexceptionalyou.fr\\\/index.php\\\/politique-de-confidentialite\\\/\"]}]},{\"@type\":\"BreadcrumbList\",\"@id\":\"https:\\\/\\\/coachforexceptionalyou.fr\\\/index.php\\\/politique-de-confidentialite\\\/#breadcrumb\",\"itemListElement\":[{\"@type\":\"ListItem\",\"position\":1,\"name\":\"Accueil\",\"item\":\"https:\\\/\\\/coachforexceptionalyou.fr\\\/\"},{\"@type\":\"ListItem\",\"position\":2,\"name\":\"Politique de confidentialit\u00e9\"}]},{\"@type\":\"WebSite\",\"@id\":\"https:\\\/\\\/coachforexceptionalyou.fr\\\/#website\",\"url\":\"https:\\\/\\\/coachforexceptionalyou.fr\\\/\",\"name\":\"Professional me for exceptional you\",\"description\":\"~ libert\u00e9 d&#039;exceller ~\",\"publisher\":{\"@id\":\"https:\\\/\\\/coachforexceptionalyou.fr\\\/#organization\"},\"potentialAction\":[{\"@type\":\"SearchAction\",\"target\":{\"@type\":\"EntryPoint\",\"urlTemplate\":\"https:\\\/\\\/coachforexceptionalyou.fr\\\/?s={search_term_string}\"},\"query-input\":{\"@type\":\"PropertyValueSpecification\",\"valueRequired\":true,\"valueName\":\"search_term_string\"}}],\"inLanguage\":\"en-US\"},{\"@type\":\"Organization\",\"@id\":\"https:\\\/\\\/coachforexceptionalyou.fr\\\/#organization\",\"name\":\"Professional me for exceptional you\",\"url\":\"https:\\\/\\\/coachforexceptionalyou.fr\\\/\",\"logo\":{\"@type\":\"ImageObject\",\"inLanguage\":\"en-US\",\"@id\":\"https:\\\/\\\/coachforexceptionalyou.fr\\\/#\\\/schema\\\/logo\\\/image\\\/\",\"url\":\"https:\\\/\\\/coachforexceptionalyou.fr\\\/wp-content\\\/uploads\\\/2024\\\/10\\\/cropped-professional-me-for-exceptional-me.jpg\",\"contentUrl\":\"https:\\\/\\\/coachforexceptionalyou.fr\\\/wp-content\\\/uploads\\\/2024\\\/10\\\/cropped-professional-me-for-exceptional-me.jpg\",\"width\":500,\"height\":183,\"caption\":\"Professional me for exceptional you\"},\"image\":{\"@id\":\"https:\\\/\\\/coachforexceptionalyou.fr\\\/#\\\/schema\\\/logo\\\/image\\\/\"}}]}<\/script>\n<!-- \/ Yoast SEO plugin. -->","yoast_head_json":{"title":"Politique de confidentialit\u00e9 - Professional me for exceptional you","robots":{"index":"index","follow":"follow","max-snippet":"max-snippet:-1","max-image-preview":"max-image-preview:large","max-video-preview":"max-video-preview:-1"},"canonical":"https:\/\/coachforexceptionalyou.fr\/index.php\/politique-de-confidentialite\/","og_locale":"en_US","og_type":"article","og_title":"Politique de confidentialit\u00e9 - Professional me for exceptional you","og_description":"Qui je suis L\u2019adresse de mon site est&nbsp;: https:\/\/coachforexceptionalyou.fr.Je suis Olga Pakhomova, coach professionnelle, auteur du projet Professional me for &hellip;","og_url":"https:\/\/coachforexceptionalyou.fr\/index.php\/politique-de-confidentialite\/","og_site_name":"Professional me for exceptional you","article_modified_time":"2025-01-17T21:19:03+00:00","twitter_card":"summary_large_image","twitter_misc":{"Est. reading time":"4 minutes"},"schema":{"@context":"https:\/\/schema.org","@graph":[{"@type":"WebPage","@id":"https:\/\/coachforexceptionalyou.fr\/index.php\/politique-de-confidentialite\/","url":"https:\/\/coachforexceptionalyou.fr\/index.php\/politique-de-confidentialite\/","name":"Politique de confidentialit\u00e9 - Professional me for exceptional you","isPartOf":{"@id":"https:\/\/coachforexceptionalyou.fr\/#website"},"datePublished":"2024-10-26T17:41:20+00:00","dateModified":"2025-01-17T21:19:03+00:00","breadcrumb":{"@id":"https:\/\/coachforexceptionalyou.fr\/index.php\/politique-de-confidentialite\/#breadcrumb"},"inLanguage":"en-US","potentialAction":[{"@type":"ReadAction","target":["https:\/\/coachforexceptionalyou.fr\/index.php\/politique-de-confidentialite\/"]}]},{"@type":"BreadcrumbList","@id":"https:\/\/coachforexceptionalyou.fr\/index.php\/politique-de-confidentialite\/#breadcrumb","itemListElement":[{"@type":"ListItem","position":1,"name":"Accueil","item":"https:\/\/coachforexceptionalyou.fr\/"},{"@type":"ListItem","position":2,"name":"Politique de confidentialit\u00e9"}]},{"@type":"WebSite","@id":"https:\/\/coachforexceptionalyou.fr\/#website","url":"https:\/\/coachforexceptionalyou.fr\/","name":"Professional me for exceptional you","description":"~ libert\u00e9 d&#039;exceller ~","publisher":{"@id":"https:\/\/coachforexceptionalyou.fr\/#organization"},"potentialAction":[{"@type":"SearchAction","target":{"@type":"EntryPoint","urlTemplate":"https:\/\/coachforexceptionalyou.fr\/?s={search_term_string}"},"query-input":{"@type":"PropertyValueSpecification","valueRequired":true,"valueName":"search_term_string"}}],"inLanguage":"en-US"},{"@type":"Organization","@id":"https:\/\/coachforexceptionalyou.fr\/#organization","name":"Professional me for exceptional you","url":"https:\/\/coachforexceptionalyou.fr\/","logo":{"@type":"ImageObject","inLanguage":"en-US","@id":"https:\/\/coachforexceptionalyou.fr\/#\/schema\/logo\/image\/","url":"https:\/\/coachforexceptionalyou.fr\/wp-content\/uploads\/2024\/10\/cropped-professional-me-for-exceptional-me.jpg","contentUrl":"https:\/\/coachforexceptionalyou.fr\/wp-content\/uploads\/2024\/10\/cropped-professional-me-for-exceptional-me.jpg","width":500,"height":183,"caption":"Professional me for exceptional you"},"image":{"@id":"https:\/\/coachforexceptionalyou.fr\/#\/schema\/logo\/image\/"}}]}},"kubio_ai_page_context":{"short_desc":"","purpose":"general"},"_links":{"self":[{"href":"https:\/\/coachforexceptionalyou.fr\/index.php\/wp-json\/wp\/v2\/pages\/418","targetHints":{"allow":["GET"]}}],"collection":[{"href":"https:\/\/coachforexceptionalyou.fr\/index.php\/wp-json\/wp\/v2\/pages"}],"about":[{"href":"https:\/\/coachforexceptionalyou.fr\/index.php\/wp-json\/wp\/v2\/types\/page"}],"author":[{"embeddable":true,"href":"https:\/\/coachforexceptionalyou.fr\/index.php\/wp-json\/wp\/v2\/users\/1"}],"replies":[{"embeddable":true,"href":"https:\/\/coachforexceptionalyou.fr\/index.php\/wp-json\/wp\/v2\/comments?post=418"}],"version-history":[{"count":4,"href":"https:\/\/coachforexceptionalyou.fr\/index.php\/wp-json\/wp\/v2\/pages\/418\/revisions"}],"predecessor-version":[{"id":4584,"href":"https:\/\/coachforexceptionalyou.fr\/index.php\/wp-json\/wp\/v2\/pages\/418\/revisions\/4584"}],"wp:attachment":[{"href":"https:\/\/coachforexceptionalyou.fr\/index.php\/wp-json\/wp\/v2\/media?parent=418"}],"curies":[{"name":"wp","href":"https:\/\/api.w.org\/{rel}","templated":true}]}}